{"id":261,"date":"2022-05-19T13:37:58","date_gmt":"2022-05-19T13:37:58","guid":{"rendered":"https:\/\/web1.xn--schreinerei-wrmseher-1ec.de\/?page_id=261"},"modified":"2025-03-20T14:34:46","modified_gmt":"2025-03-20T14:34:46","slug":"bad-3-2","status":"publish","type":"page","link":"https:\/\/schreinerei-wuermseher.de\/?page_id=261","title":{"rendered":"\u00dcBER UNS"},"content":{"rendered":"\n<h1 class=\"kt-adv-heading261_afa8b0-69 wp-block-kadence-advancedheading has-black-color has-text-color\" data-kb-block=\"kb-adv-heading261_afa8b0-69\"><strong><o-anim-typing>Holz erleben mit der Schreinerei in Buttenwiesen<\/o-anim-typing><\/strong><\/h1>\n\n\n\n<div class=\"wp-block-columns is-layout-flex wp-container-core-columns-is-layout-9d6595d7 wp-block-columns-is-layout-flex\">\n<div class=\"wp-block-column is-layout-flow wp-block-column-is-layout-flow\">\n<div class=\"wp-block-advgb-image advgb-image-block full-width advgb-lightbox advgb-img-18a96ea0-bcd5-4233-b1f6-fbdcda77f8df\" style=\"background-image:url(https:\/\/schreinerei-wuermseher.de\/wp-content\/uploads\/2022\/02\/georg385.jpg);background-position:50% 50%;height:300px;width:500px;justify-content:center;align-items:center\" data-image=\"https:\/\/schreinerei-wuermseher.de\/wp-content\/uploads\/2022\/02\/georg385.jpg\"><a class=\"advgb-image-overlay\" style=\"background-color:#000\" target=\"_blank\" rel=\"noopener noreferrer\"><\/a><h4 class=\"advgb-image-title\" style=\"color:#fff\">Georg W\u00fcrmseher<\/h4><p class=\"advgb-image-subtitle\" style=\"color:#fff\">Schreinermeister<\/p><\/div>\n<\/div>\n\n\n\n<div class=\"wp-block-column is-vertically-aligned-center is-layout-flow wp-block-column-is-layout-flow\">\n<h2 class=\"kt-adv-heading261_6c8fd6-14 wp-block-kadence-advancedheading has-black-color has-text-color\" data-kb-block=\"kb-adv-heading261_6c8fd6-14\">Das Naturprodukt Holz ist meine Leidenschaft.&nbsp;In meiner Tischlerei in Buttenwiesen-Pfaffenhofen fertigen wir nach Ihren individuellen W\u00fcnschen mit jahrelanger Erfahrung M\u00f6bel in handwerklich perfekter Ausf\u00fchrung<strong>.<\/strong><br><br><\/h2>\n<\/div>\n<\/div>\n\n\n\n<div class=\"wp-block-columns is-layout-flex wp-container-core-columns-is-layout-9d6595d7 wp-block-columns-is-layout-flex\">\n<div class=\"wp-block-column is-layout-flow wp-block-column-is-layout-flow\" style=\"flex-basis:100%\">\n<div class=\"wp-block-group\"><div class=\"wp-block-group__inner-container is-layout-flow wp-block-group-is-layout-flow\">\n<div class=\"wp-block-group\"><div class=\"wp-block-group__inner-container is-layout-flow wp-block-group-is-layout-flow\">\n<div class=\"wp-block-columns is-layout-flex wp-container-core-columns-is-layout-9d6595d7 wp-block-columns-is-layout-flex\">\n<div class=\"wp-block-column is-vertically-aligned-center is-layout-flow wp-block-column-is-layout-flow\">\n<h2 class=\"kt-adv-heading261_180c73-67 wp-block-kadence-advancedheading has-black-color has-text-color\" data-kb-block=\"kb-adv-heading261_180c73-67\"><strong><strong><strong>Ihre Schreinerei &amp; Tischlerei in Buttenwiesen<\/strong><\/strong><\/strong><\/h2>\n\n\n\n<h2 class=\"kt-adv-heading261_13838d-6b wp-block-kadence-advancedheading has-black-color has-text-color\" data-kb-block=\"kb-adv-heading261_13838d-6b\">Wir sind ein handwerklicher Betrieb, der konsequent durch individuelle Beratung aus Ihren Ideen und W\u00fcnschen ma\u00dfgefertigte Designvorschl\u00e4ge entwickelt und umsetzt. Dabei setzen wir auf moderne Technik von Beginn an, wie etwa bei der visuellen CAD-Planung.<\/h2>\n<\/div>\n<\/div>\n<\/div><\/div>\n<\/div><\/div>\n<\/div>\n<\/div>\n\n\n\n<h2 class=\"kt-adv-heading261_41e40e-47 animated backInDown wp-block-kadence-advancedheading has-white-color has-text-color\" data-kb-block=\"kb-adv-heading261_41e40e-47\"><strong>innovation &#8211; perfektion &#8211; design: das hei\u00dft f\u00fcr uns:<\/strong><\/h2>\n\n\n\n<h3 class=\"kt-adv-heading261_5d511c-eb wp-block-kadence-advancedheading\" data-kb-block=\"kb-adv-heading261_5d511c-eb\"><strong>innovation<\/strong><\/h3>\n\n\n\n<span class=\"kt-adv-heading261_062301-30 wp-block-kadence-advancedheading\" data-kb-block=\"kb-adv-heading261_062301-30\">Mit jedem unserer Produkte erhalten Sie ein Unikat, das wir exklusiv f\u00fcr Sie anfertigen. Wir verwenden dabei selbstverst\u00e4ndlich nur ausgesuchte und hochwertige Materialien, die wir von langj\u00e4hrigen Fachpartnern beziehen.<\/span>\n\n\n\n<h3 class=\"kt-adv-heading261_53cca7-75 wp-block-kadence-advancedheading\" data-kb-block=\"kb-adv-heading261_53cca7-75\"><strong>perfektion<\/strong><\/h3>\n\n\n\n<span class=\"kt-adv-heading261_51df2b-e3 wp-block-kadence-advancedheading\" data-kb-block=\"kb-adv-heading261_51df2b-e3\">Unser Service beginnt bei der ersten Beratung und endet nicht, bevor wir Ihrem neuen M\u00f6bel nicht auch den letzten Feinschliff vor Ort gegeben haben. Die saubere, und zuverl\u00e4ssige Ausf\u00fchrung aller Arbeiten ist f\u00fcr uns als Meisterbetrieb selbstverst\u00e4ndlich.<\/span>\n\n\n\n<h3 class=\"kt-adv-heading261_207440-a2 wp-block-kadence-advancedheading\" data-kb-block=\"kb-adv-heading261_207440-a2\"><strong>design<\/strong><\/h3>\n\n\n\n<span class=\"kt-adv-heading261_fac19f-7a wp-block-kadence-advancedheading\" data-kb-block=\"kb-adv-heading261_fac19f-7a\">Bei uns profitieren Sie von langj\u00e4hriger Erfahrung, die in unsere Planung einflie\u00dft. Ob es um die Raumwirkung geht, um barrierefreie M\u00f6belgestaltung, Kombinationen mit anderen Materialen wie Glas, Stein, Leder oder Stoff: Wir stehen f\u00fcr kreative Produktl\u00f6sungen und anspruchsvolle Umsetzung, um Ihre Wohntr\u00e4ume zu realisieren.<\/span>\n\n\n\n<p><\/p>\n\n\n\n<div class=\"wp-block-group\"><div class=\"wp-block-group__inner-container is-layout-flow wp-block-group-is-layout-flow\"><\/div><\/div>\n\n\n\n<hr class=\"wp-block-separator has-text-color has-black-color has-alpha-channel-opacity has-black-background-color has-background is-style-wide\"\/>\n\n\n\n<h2 class=\"kt-adv-heading261_29fbe4-61 wp-block-kadence-advancedheading has-black-color has-text-color\" data-kb-block=\"kb-adv-heading261_29fbe4-61\">Kontaktieren Sie uns!<\/h2>\n\n\n\n<h2 class=\"kt-adv-heading261_2b972d-78 wp-block-kadence-advancedheading\" data-kb-block=\"kb-adv-heading261_2b972d-78\">Tel. +49 (0) 8274 -92 89 69 3&nbsp; oder einfach per email:<a href=\"https:\/\/schreinerei-wuermseher.de\/?page_id=250\"> HIER KLICKEN<\/a><\/h2>\n\n\n\n<hr class=\"wp-block-separator has-text-color has-black-color has-alpha-channel-opacity has-black-background-color has-background is-style-wide\"\/>\n<style class=\"advgb-styles-renderer\">.wp-block-kadence-advancedheading.kt-adv-heading261_afa8b0-69, .wp-block-kadence-advancedheading.kt-adv-heading261_afa8b0-69[data-kb-block=\"kb-adv-heading261_afa8b0-69\"]{padding-top:-20px;padding-bottom:50px;font-size:24px;font-style:normal;}.wp-block-kadence-advancedheading.kt-adv-heading261_afa8b0-69 mark.kt-highlight, .wp-block-kadence-advancedheading.kt-adv-heading261_afa8b0-69[data-kb-block=\"kb-adv-heading261_afa8b0-69\"] mark.kt-highlight{font-style:normal;color:#f76a0c;-webkit-box-decoration-break:clone;box-decoration-break:clone;padding-top:0px;padding-right:0px;padding-bottom:0px;padding-left:0px;}.advgb-img-18a96ea0-bcd5-4233-b1f6-fbdcda77f8df.advgb-image-block .advgb-image-overlay{opacity:0.4 !important;}.advgb-img-18a96ea0-bcd5-4233-b1f6-fbdcda77f8df.advgb-image-block:hover .advgb-image-overlay{opacity:0.2 !important;}.advgb-img-18a96ea0-bcd5-4233-b1f6-fbdcda77f8df.advgb-image-block .advgb-image-overlay{opacity:0.4 !important;}.advgb-img-18a96ea0-bcd5-4233-b1f6-fbdcda77f8df.advgb-image-block:hover .advgb-image-overlay{opacity:0.2 !important;}.wp-block-kadence-advancedheading.kt-adv-heading261_6c8fd6-14, .wp-block-kadence-advancedheading.kt-adv-heading261_6c8fd6-14[data-kb-block=\"kb-adv-heading261_6c8fd6-14\"]{padding-bottom:30px;padding-left:30px;font-size:15px;font-style:normal;}.wp-block-kadence-advancedheading.kt-adv-heading261_6c8fd6-14 mark.kt-highlight, .wp-block-kadence-advancedheading.kt-adv-heading261_6c8fd6-14[data-kb-block=\"kb-adv-heading261_6c8fd6-14\"] mark.kt-highlight{font-style:normal;color:#f76a0c;-webkit-box-decoration-break:clone;box-decoration-break:clone;padding-top:0px;padding-right:0px;padding-bottom:0px;padding-left:0px;}.advgb-img-18a96ea0-bcd5-4233-b1f6-fbdcda77f8df.advgb-image-block .advgb-image-overlay{opacity:0.4 !important;}.advgb-img-18a96ea0-bcd5-4233-b1f6-fbdcda77f8df.advgb-image-block:hover .advgb-image-overlay{opacity:0.2 !important;}.wp-block-kadence-advancedheading.kt-adv-heading261_180c73-67, .wp-block-kadence-advancedheading.kt-adv-heading261_180c73-67[data-kb-block=\"kb-adv-heading261_180c73-67\"]{font-size:20px;font-style:normal;}.wp-block-kadence-advancedheading.kt-adv-heading261_180c73-67 mark.kt-highlight, .wp-block-kadence-advancedheading.kt-adv-heading261_180c73-67[data-kb-block=\"kb-adv-heading261_180c73-67\"] mark.kt-highlight{font-style:normal;color:#f76a0c;-webkit-box-decoration-break:clone;box-decoration-break:clone;padding-top:0px;padding-right:0px;padding-bottom:0px;padding-left:0px;}.wp-block-kadence-advancedheading.kt-adv-heading261_13838d-6b, .wp-block-kadence-advancedheading.kt-adv-heading261_13838d-6b[data-kb-block=\"kb-adv-heading261_13838d-6b\"]{padding-bottom:20px;margin-bottom:-20px;font-size:15px;font-style:normal;}.wp-block-kadence-advancedheading.kt-adv-heading261_13838d-6b mark.kt-highlight, .wp-block-kadence-advancedheading.kt-adv-heading261_13838d-6b[data-kb-block=\"kb-adv-heading261_13838d-6b\"] mark.kt-highlight{font-style:normal;color:#f76a0c;-webkit-box-decoration-break:clone;box-decoration-break:clone;padding-top:0px;padding-right:0px;padding-bottom:0px;padding-left:0px;}.wp-block-kadence-advancedheading.kt-adv-heading261_41e40e-47, .wp-block-kadence-advancedheading.kt-adv-heading261_41e40e-47[data-kb-block=\"kb-adv-heading261_41e40e-47\"]{padding-top:0px;font-size:24px;font-style:normal;background-color:#444343;}.wp-block-kadence-advancedheading.kt-adv-heading261_41e40e-47 mark.kt-highlight, .wp-block-kadence-advancedheading.kt-adv-heading261_41e40e-47[data-kb-block=\"kb-adv-heading261_41e40e-47\"] mark.kt-highlight{font-size:6px;line-height:5px;font-style:normal;color:#f76a0c;-webkit-box-decoration-break:clone;box-decoration-break:clone;padding-top:0px;padding-right:0px;padding-bottom:0px;padding-left:0px;}.wp-block-kadence-advancedheading.kt-adv-heading261_5d511c-eb, .wp-block-kadence-advancedheading.kt-adv-heading261_5d511c-eb[data-kb-block=\"kb-adv-heading261_5d511c-eb\"]{padding-top:30px;font-size:20px;font-style:normal;}.wp-block-kadence-advancedheading.kt-adv-heading261_5d511c-eb mark.kt-highlight, .wp-block-kadence-advancedheading.kt-adv-heading261_5d511c-eb[data-kb-block=\"kb-adv-heading261_5d511c-eb\"] mark.kt-highlight{font-style:normal;color:#f76a0c;-webkit-box-decoration-break:clone;box-decoration-break:clone;padding-top:0px;padding-right:0px;padding-bottom:0px;padding-left:0px;}.wp-block-kadence-advancedheading.kt-adv-heading261_062301-30, .wp-block-kadence-advancedheading.kt-adv-heading261_062301-30[data-kb-block=\"kb-adv-heading261_062301-30\"]{display:block;font-style:normal;}.wp-block-kadence-advancedheading.kt-adv-heading261_062301-30 mark.kt-highlight, .wp-block-kadence-advancedheading.kt-adv-heading261_062301-30[data-kb-block=\"kb-adv-heading261_062301-30\"] mark.kt-highlight{font-style:normal;color:#f76a0c;-webkit-box-decoration-break:clone;box-decoration-break:clone;padding-top:0px;padding-right:0px;padding-bottom:0px;padding-left:0px;}.wp-block-kadence-advancedheading.kt-adv-heading261_53cca7-75, .wp-block-kadence-advancedheading.kt-adv-heading261_53cca7-75[data-kb-block=\"kb-adv-heading261_53cca7-75\"]{padding-top:10px;font-size:20px;font-style:normal;}.wp-block-kadence-advancedheading.kt-adv-heading261_53cca7-75 mark.kt-highlight, .wp-block-kadence-advancedheading.kt-adv-heading261_53cca7-75[data-kb-block=\"kb-adv-heading261_53cca7-75\"] mark.kt-highlight{font-style:normal;color:#f76a0c;-webkit-box-decoration-break:clone;box-decoration-break:clone;padding-top:0px;padding-right:0px;padding-bottom:0px;padding-left:0px;}.wp-block-kadence-advancedheading.kt-adv-heading261_51df2b-e3, .wp-block-kadence-advancedheading.kt-adv-heading261_51df2b-e3[data-kb-block=\"kb-adv-heading261_51df2b-e3\"]{display:block;font-style:normal;}.wp-block-kadence-advancedheading.kt-adv-heading261_51df2b-e3 mark.kt-highlight, .wp-block-kadence-advancedheading.kt-adv-heading261_51df2b-e3[data-kb-block=\"kb-adv-heading261_51df2b-e3\"] mark.kt-highlight{font-style:normal;color:#f76a0c;-webkit-box-decoration-break:clone;box-decoration-break:clone;padding-top:0px;padding-right:0px;padding-bottom:0px;padding-left:0px;}.wp-block-kadence-advancedheading.kt-adv-heading261_207440-a2, .wp-block-kadence-advancedheading.kt-adv-heading261_207440-a2[data-kb-block=\"kb-adv-heading261_207440-a2\"]{padding-top:10px;font-size:20px;font-style:normal;}.wp-block-kadence-advancedheading.kt-adv-heading261_207440-a2 mark.kt-highlight, .wp-block-kadence-advancedheading.kt-adv-heading261_207440-a2[data-kb-block=\"kb-adv-heading261_207440-a2\"] mark.kt-highlight{font-style:normal;color:#f76a0c;-webkit-box-decoration-break:clone;box-decoration-break:clone;padding-top:0px;padding-right:0px;padding-bottom:0px;padding-left:0px;}.wp-block-kadence-advancedheading.kt-adv-heading261_fac19f-7a, .wp-block-kadence-advancedheading.kt-adv-heading261_fac19f-7a[data-kb-block=\"kb-adv-heading261_fac19f-7a\"]{display:block;font-style:normal;}.wp-block-kadence-advancedheading.kt-adv-heading261_fac19f-7a mark.kt-highlight, .wp-block-kadence-advancedheading.kt-adv-heading261_fac19f-7a[data-kb-block=\"kb-adv-heading261_fac19f-7a\"] mark.kt-highlight{font-style:normal;color:#f76a0c;-webkit-box-decoration-break:clone;box-decoration-break:clone;padding-top:0px;padding-right:0px;padding-bottom:0px;padding-left:0px;}.wp-block-kadence-advancedheading.kt-adv-heading261_29fbe4-61, .wp-block-kadence-advancedheading.kt-adv-heading261_29fbe4-61[data-kb-block=\"kb-adv-heading261_29fbe4-61\"]{font-style:normal;}.wp-block-kadence-advancedheading.kt-adv-heading261_29fbe4-61 mark.kt-highlight, .wp-block-kadence-advancedheading.kt-adv-heading261_29fbe4-61[data-kb-block=\"kb-adv-heading261_29fbe4-61\"] mark.kt-highlight{font-style:normal;color:#f76a0c;-webkit-box-decoration-break:clone;box-decoration-break:clone;padding-top:0px;padding-right:0px;padding-bottom:0px;padding-left:0px;}.wp-block-kadence-advancedheading.kt-adv-heading261_2b972d-78, .wp-block-kadence-advancedheading.kt-adv-heading261_2b972d-78[data-kb-block=\"kb-adv-heading261_2b972d-78\"]{font-size:16px;font-style:normal;}.wp-block-kadence-advancedheading.kt-adv-heading261_2b972d-78 mark.kt-highlight, .wp-block-kadence-advancedheading.kt-adv-heading261_2b972d-78[data-kb-block=\"kb-adv-heading261_2b972d-78\"] mark.kt-highlight{font-style:normal;color:#f76a0c;-webkit-box-decoration-break:clone;box-decoration-break:clone;padding-top:0px;padding-right:0px;padding-bottom:0px;padding-left:0px;}<\/style>","protected":false},"excerpt":{"rendered":"<p>Holz erleben mit der Schreinerei in Buttenwiesen Das Naturprodukt Holz ist meine Leidenschaft.&nbsp;In meiner Tischlerei in Buttenwiesen-Pfaffenhofen fertigen wir nach Ihren individuellen W\u00fcnschen mit jahrelanger Erfahrung M\u00f6bel in handwerklich perfekter Ausf\u00fchrung. Ihre Schreinerei &amp; Tischlerei in Buttenwiesen Wir sind ein <a class=\"more-link\" href=\"https:\/\/schreinerei-wuermseher.de\/?page_id=261\">weiterlesen&#8230;<\/a><\/p>\n","protected":false},"author":1,"featured_media":0,"parent":0,"menu_order":0,"comment_status":"closed","ping_status":"closed","template":"","meta":{"advgb_blocks_editor_width":"","advgb_blocks_columns_visual_guide":"","_themeisle_gutenberg_block_has_review":false,"footnotes":""},"class_list":["post-261","page","type-page","status-publish","hentry"],"coauthors":[],"author_meta":{"author_link":"https:\/\/schreinerei-wuermseher.de\/?author=1","display_name":"admin"},"relative_dates":{"created":"Posted 4\u00a0Jahren ago","modified":"Updated 1\u00a0Jahr ago"},"absolute_dates":{"created":"Posted on Mai 19, 2022","modified":"Updated on M\u00e4rz 20, 2025"},"absolute_dates_time":{"created":"Posted on Mai 19, 2022 1:37 p.m.","modified":"Updated on M\u00e4rz 20, 2025 2:34 p.m."},"featured_img_caption":"","featured_img":false,"series_order":"","_links":{"self":[{"href":"https:\/\/schreinerei-wuermseher.de\/index.php?rest_route=\/wp\/v2\/pages\/261","targetHints":{"allow":["GET"]}}],"collection":[{"href":"https:\/\/schreinerei-wuermseher.de\/index.php?rest_route=\/wp\/v2\/pages"}],"about":[{"href":"https:\/\/schreinerei-wuermseher.de\/index.php?rest_route=\/wp\/v2\/types\/page"}],"author":[{"embeddable":true,"href":"https:\/\/schreinerei-wuermseher.de\/index.php?rest_route=\/wp\/v2\/users\/1"}],"replies":[{"embeddable":true,"href":"https:\/\/schreinerei-wuermseher.de\/index.php?rest_route=%2Fwp%2Fv2%2Fcomments&post=261"}],"version-history":[{"count":6,"href":"https:\/\/schreinerei-wuermseher.de\/index.php?rest_route=\/wp\/v2\/pages\/261\/revisions"}],"predecessor-version":[{"id":349,"href":"https:\/\/schreinerei-wuermseher.de\/index.php?rest_route=\/wp\/v2\/pages\/261\/revisions\/349"}],"wp:attachment":[{"href":"https:\/\/schreinerei-wuermseher.de\/index.php?rest_route=%2Fwp%2Fv2%2Fmedia&parent=261"}],"curies":[{"name":"wp","href":"https:\/\/api.w.org\/{rel}","templated":true}]}}